{"id":6941,"date":"2014-05-05T21:47:07","date_gmt":"2014-05-05T19:47:07","guid":{"rendered":"http:\/\/www.psoecaceres.com\/es\/?page_id=6941"},"modified":"2014-05-05T21:47:07","modified_gmt":"2014-05-05T19:47:07","slug":"politica-de-cookies","status":"publish","type":"page","link":"https:\/\/www.psoecaceres.com\/es\/politica-de-cookies\/","title":{"rendered":"Pol\u00edtica de Cookies"},"content":{"rendered":"<div>\n<h1>Pol\u00edtica de cookies<\/h1>\n<\/div>\n<div id=\"content\">\n<div>\n<p>En la web de Elogia se utilizan cookies para facilitar la relaci\u00f3n de los visitantes con nuestro contenido, permitir elaborar estad\u00edsticas sobre las visitas que recibimos y mostrar contenido relacionado con las preferencias mediante el an\u00e1lisis de los h\u00e1bitos de navegaci\u00f3n. En cumplimiento de la Directiva 2009\/136\/CE, desarrollada en nuestro ordenamiento por el apartado segundo del art\u00edculo 22 de la Ley de Servicios de Sociedad de la Informaci\u00f3n, siguiendo las directrices de la Agencia Espa\u00f1ola de Protecci\u00f3n de Datos, procedemos a informarle detalladamente del uso que se realiza en nuestra web.<\/p>\n<p>Se denominan cookies a unos peque\u00f1os archivos que se graban en el navegador utilizado por cada visitante de nuestra web para que el servidor pueda recordar la visita de ese usuario con posterioridad cuando vuelva a acceder a nuestros contenidos. Esta informaci\u00f3n no revela su identidad, ni dato personal alguno, ni accede al contenido almacenado en su PC, pero s\u00ed que permite a nuestro sistema identificarle a usted como un usuario determinado que ya visit\u00f3 la web con anterioridad, visualiz\u00f3 determinadas p\u00e1ginas, etc. Y adem\u00e1s permite guardar sus preferencias personales e informaci\u00f3n t\u00e9cnica como por ejemplo las visitas realizadas o p\u00e1ginas concretas que visite.<\/p>\n<p>Si usted no desea que se guarden cookies en su navegador o prefiere recibir una informaci\u00f3n cada vez que una cookie solicite instalarse, puede configurar sus opciones de navegaci\u00f3n para que se haga de esa forma. La mayor parte de los navegadores permiten la gesti\u00f3n de las cookies de 3 formas diferentes:<\/p>\n<ul>\n<li>Las cookies son siempre rechazadas<\/li>\n<li>El navegador pregunta si el usuario desea instalar cada cookie<\/li>\n<li>Las cookies son siempre aceptadas<\/li>\n<\/ul>\n<p>Su navegador tambi\u00e9n puede incluir la posibilidad de seleccionar con detalle las cookies que desea que se instalen en su ordenador. En concreto, el usuario puede normalmente aceptar alguna de las siguientes opciones:<\/p>\n<ul>\n<li>Rechazar las cookies de determinados dominios;<\/li>\n<li>Rechazar las cookies de terceros;<\/li>\n<li>Aceptar cookies como no persistentes (se eliminan cuando el navegador se cierra);<\/li>\n<li>Permitir al servidor crear cookies para un dominio diferente.<\/li>\n<\/ul>\n<p>Puede encontrar informaci\u00f3n sobre c\u00f3mo configurar los navegadores m\u00e1s usados en las siguientes ubicaciones:<\/p>\n<ul>\n<li><a href=\"http:\/\/support.google.com\/chrome\/bin\/answer.py?hl=es&amp;answer=95647\">Chrome<\/a><\/li>\n<li><a href=\"http:\/\/windows.microsoft.com\/es-es\/windows7\/how-to-manage-cookies-ininternet-explorer-9\">Explorer<\/a><\/li>\n<li><a href=\"http:\/\/support.mozilla.org\/es\/kb\/habilitar-y-deshabilitar-cookies-que-los-sitios-we\">Firefox<\/a><\/li>\n<li><a href=\"http:\/\/support.apple.com\/kb\/ph5042\">Safari<\/a><\/li>\n<\/ul>\n<p>Respecto de las cookies de terceros, es decir aquellas que son ajenas a nuestro sitio web, no podemos hacernos responsables del l contenido y veracidad de las pol\u00edticas de privacidad que ellos incluyen por lo que la informaci\u00f3n que le ofrecemos es siempre con referencia a la fuente. En caso de dudas dir\u00edjase al webmaster del dominio creador de la cookie.<\/p>\n<p>A continuaci\u00f3n le informamos detalladamente de las cookies que pueden instalarse desde nuestro sitio. En funci\u00f3n de su navegaci\u00f3n podr\u00e1n instalarse todas o s\u00f3lo algunas de ellas.<\/p>\n<p>Datos personales recogidos para las siguientes finalidades y utilizando los siguientes servicios:<\/p>\n<p><strong>Conviva<\/strong><\/p>\n<p>Conviva es un servicio de reproducci\u00f3n de contenidos de v\u00eddeo prestado por Conviva Inc. que utiliza los datos recogidos de forma an\u00f3nima para rastrear y examinar el uso de esta web.<\/p>\n<p>Datos personales recogidos: Cookie y datos de uso.<\/p>\n<p>Lugar de tratamiento: EE. UU. |\u00a0<a href=\"http:\/\/www.conviva.com\/privacy-policy\/\">Pol\u00edtica de privacidad<\/a><\/p>\n<p><strong>Disqus<\/strong><\/p>\n<p>Disqus es un servicio de comentario de contenidos prestado por Big Heads.<\/p>\n<p>Datos Personales recogidos: Cookie y datos de uso.<\/p>\n<p>Lugar de tratamiento: EE.UU. |\u00a0<a href=\"http:\/\/docs.disqus.com\/help\/30\/\" target=\"_blank\">Pol\u00edtica de privacidad<\/a><\/p>\n<p><strong>Google Analytics<\/strong><\/p>\n<p>Google Analytics es un servicio de an\u00e1lisis web prestado por Google que utiliza los datos recogidos para rastrear y examinar el uso de esta web, para preparar informes de sus actividades y compartirlos con otros servicios de Google.<br \/>\nGoogle tambi\u00e9n puede utilizar los datos recogidos para contextualizar y personalizar los anuncios de su propia red de publicidad.<\/p>\n<p>Datos personales recogidos: Cookie y datos de uso.<\/p>\n<p>Lugar de tratamiento: EE. UU. |\u00a0<a href=\"http:\/\/www.google.com\/intl\/es\/policies\/privacy\/\" target=\"_blank\">Pol\u00edtica de privacidad<\/a>\u00a0|\u00a0<a href=\"http:\/\/tools.google.com\/dlpage\/gaoptout?hl=es\" target=\"_blank\">Opt out<\/a><\/p>\n<p><strong>Google Tag Manager<\/strong><\/p>\n<p>Google Tag Manager es un servicio de estad\u00edsticas prestado por Google.<\/p>\n<p>Datos Personales recogidos: Cookie y datos de uso.<\/p>\n<p>Lugar de tratamiento: EE.UU. |\u00a0<a href=\"http:\/\/www.google.com\/intl\/en\/policies\/privacy\/\" target=\"_blank\">Pol\u00edtica de privacidad<\/a><\/p>\n<p><strong>Google AdSense<\/strong><\/p>\n<p>Google AdSense es un servicio de publicidad prestado por Google que utiliza la Cookie \u201cDoubleclick\u201d, que rastrea el uso de esta web y el comportamiento del usuario en relaci\u00f3n con los anuncios publicitarios, productos y servicios ofertados.<\/p>\n<p>Datos Personales recogidos: Cookie y datos de uso.<\/p>\n<p>Lugar de tratamiento: EE.UU. \u2013\u00a0<a href=\"http:\/\/www.google.com\/privacy\/ads\/\" target=\"_blank\">Pol\u00edtica de privacidad<\/a>\u00a0|\u00a0<a href=\"http:\/\/google.com\/settings\/ads\/onweb\/optout?hl=es\">Opt out<\/a><\/p>\n<p><strong>Seguimiento de Conversiones de Google AdWords<\/strong><\/p>\n<p>El Seguimiento de Conversiones de Google AdWords es un servicio de estad\u00edsticas prestado por Google que conecta los datos de la red de publicidad de Google Adwords con las acciones realizadas en esta web.<\/p>\n<p>Datos Personales recogidos: Cookie y Datos de uso.<\/p>\n<p>Lugar de tratamiento: EE.UU. |\u00a0<a href=\"http:\/\/www.google.com\/intl\/es\/policies\/privacy\/\" target=\"_blank\">Pol\u00edtica de privacidad<\/a><\/p>\n<p><strong>Facebook Social Plugins (bot\u00f3n \u201cMe gusta\u201d y otros widgets de Facebook)<\/strong><\/p>\n<p>El bot\u00f3n \u201cMe gusta\u201d y los widgets sociales de Facebook son servicios de interacci\u00f3n con la red social Facebook. Estos servicios permiten interactuar con Facebook directamente desde las p\u00e1ginas de esta p\u00e1gina web.<br \/>\nLas interacciones y la informaci\u00f3n obtenida por esta web siempre estar\u00e1n sometidas a la configuraci\u00f3n de privacidad del usuario en Facebook.<\/p>\n<p>Es posible que aunque los usuarios no utilicen el servicio, \u00e9ste recoja datos de tr\u00e1fico web relativos a las p\u00e1ginas en las que est\u00e9n instalados.<\/p>\n<p>Datos personales recogidos: Cookie y datos de uso.<\/p>\n<p>Lugar de tratamiento: EE. UU. |\u00a0<a href=\"http:\/\/www.facebook.com\/privacy\/explanation.php\" target=\"_blank\">Pol\u00edtica de privacidad<\/a><\/p>\n<p><strong>Bot\u00f3n \u201cPin it\u201d y widgets sociales de Pinterest<\/strong><\/p>\n<p>El bot\u00f3n \u201cPin it\u201d y los widgets sociales de Pinterest son servicios de interacci\u00f3n con la plataforma Pinterest.<\/p>\n<p>Datos Personales recogidos: Cookie y datos de uso.<\/p>\n<p>Lugar de tratamiento: EE.UU. |\u00a0<a href=\"http:\/\/about.pinterest.com\/privacy\/\" target=\"_blank\">Pol\u00edtica de privacidad<\/a><\/p>\n<p><strong>Bot\u00f3n Tweet y widgets sociales de Twitter<\/strong><\/p>\n<p>El bot\u00f3n Tweet y los widgets sociales de Twitter son servicios de interacci\u00f3n con la red social Twitter.<\/p>\n<p>Datos Personales recogidos: Cookie y datos de uso.<\/p>\n<p>Lugar de tratamiento: EE.UU. |\u00a0<a href=\"http:\/\/twitter.com\/privacy\" target=\"_blank\">Pol\u00edtica de privacidad<\/a><\/p>\n<p><strong>Bot\u00f3n y widgets sociales de LinkedIn<\/strong><\/p>\n<p>El bot\u00f3n y los widgets sociales de LinkedIn son servicios de interacci\u00f3n con la red social Linkedin.<\/p>\n<p>Datos Personales recogidos: Cookie y datos de uso.<\/p>\n<p>Lugar de tratamiento: EE.UU. |\u00a0<a href=\"http:\/\/www.linkedin.com\/static?key=privacy_policy&amp;trk=hb_ft_priv\" target=\"_blank\">Pol\u00edtica de privacidad<\/a><\/p>\n<p><strong>Bot\u00f3n +1 y widgets sociales de Google+<\/strong><\/p>\n<p>El bot\u00f3n +1 y los widgets sociales de Google+ son servicios de interacci\u00f3n con la red social Google+.<\/p>\n<p>Datos Personales recogidos: Cookie y datos de uso.<\/p>\n<p>Lugar de tratamiento: EE.UU. |\u00a0<a href=\"http:\/\/www.google.com\/intl\/en\/policies\/privacy\/\" target=\"_blank\">Pol\u00edtica de privacidad<\/a><\/p>\n<p><strong>DoubleClick for Publishers Audience Extension<\/strong><\/p>\n<p>DoubleClick for Publishers Audience Extension es un servicio de remarketing y segmentaci\u00f3n por comportamiento prestado por Google que rastrea a los visitantes de esta web y permite a anunciantes seleccionados presentarles anuncios personalizados a trav\u00e9s de Internet.<\/p>\n<p>Datos Personales recogidos: Cookie y datos de uso.<\/p>\n<p>Lugar de tratamiento: EE.UU. |\u00a0<a href=\"http:\/\/www.google.com\/intl\/en\/policies\/privacy\/\" target=\"_blank\">Pol\u00edtica de privacidad<\/a><\/p>\n<p><strong>Remarketing con Google Analytics para la publicidad de display<\/strong><\/p>\n<p>Google Analytics para la publicidad de display es un servicio de remarketing y behavioral targeting prestado por Google que conecta la actividad de rastreo realizada por Google Analytics y sus cookies con la red de publicidad de AdWords y la cookie DoubleClick.<\/p>\n<p>Datos Personales recogidos: Cookie y datos de uso.<\/p>\n<p>Lugar de tratamiento: EE.UU. |\u00a0<a href=\"http:\/\/www.google.com\/intl\/en\/policies\/privacy\/\" target=\"_blank\">Pol\u00edtica de privacidad<\/a>\u00a0|\u00a0<a href=\"http:\/\/google.com\/settings\/ads\/onweb\/optout?hl=es\">Opt out<\/a><\/p>\n<p><strong>AdWords Remarketing<\/strong><\/p>\n<p>AdWords Remarketing es un servicio de remarketing y behavioral targeting prestado por Google que conecta la actividad de esta web con la red de publicidad de AdWords y la cookie DoubleClick.<\/p>\n<p>Datos Personales recogidos: Cookie y datos de uso.<\/p>\n<p>Lugar de tratamiento: EE.UU. |\u00a0<a href=\"http:\/\/www.google.com\/intl\/en\/policies\/privacy\/\" target=\"_blank\">Pol\u00edtica de privacidad<\/a>\u00a0|\u00a0<a href=\"http:\/\/google.com\/settings\/ads\/onweb\/optout?hl=es\">Opt out<\/a><\/p>\n<\/div>\n<\/div>\n","protected":false},"excerpt":{"rendered":"<p>Pol\u00edtica de cookies En la web de Elogia se utilizan cookies para facilitar la relaci\u00f3n de los visitantes con nuestro contenido, permitir elaborar estad\u00edsticas sobre las visitas que recibimos y mostrar contenido relacionado con las preferencias mediante el an\u00e1lisis de los h\u00e1bitos de navegaci\u00f3n. En cumplimiento de la Directiva 2009\/136\/CE, desarrollada en nuestro ordenamiento por [&hellip;]<\/p>\n","protected":false},"author":6,"featured_media":0,"parent":0,"menu_order":0,"comment_status":"open","ping_status":"open","template":"","meta":{"_et_pb_use_builder":"","_et_pb_old_content":"","_et_gb_content_width":"","footnotes":""},"class_list":["post-6941","page","type-page","status-publish","hentry"],"yoast_head":"<!-- This site is optimized with the Yoast SEO plugin v26.7 - https:\/\/yoast.com\/wordpress\/plugins\/seo\/ -->\n<title>Pol\u00edtica de Cookies - PSOE provincia de C\u00e1ceres<\/title>\n<meta name=\"robots\" content=\"index, follow, max-snippet:-1, max-image-preview:large, max-video-preview:-1\" \/>\n<link rel=\"canonical\" href=\"https:\/\/www.psoecaceres.com\/es\/politica-de-cookies\/\" \/>\n<meta property=\"og:locale\" content=\"es_ES\" \/>\n<meta property=\"og:type\" content=\"article\" \/>\n<meta property=\"og:title\" content=\"Pol\u00edtica de Cookies - PSOE provincia de C\u00e1ceres\" \/>\n<meta property=\"og:description\" content=\"Pol\u00edtica de cookies En la web de Elogia se utilizan cookies para facilitar la relaci\u00f3n de los visitantes con nuestro contenido, permitir elaborar estad\u00edsticas sobre las visitas que recibimos y mostrar contenido relacionado con las preferencias mediante el an\u00e1lisis de los h\u00e1bitos de navegaci\u00f3n. En cumplimiento de la Directiva 2009\/136\/CE, desarrollada en nuestro ordenamiento por [&hellip;]\" \/>\n<meta property=\"og:url\" content=\"https:\/\/www.psoecaceres.com\/es\/politica-de-cookies\/\" \/>\n<meta property=\"og:site_name\" content=\"PSOE provincia de C\u00e1ceres\" \/>\n<meta property=\"article:publisher\" content=\"https:\/\/www.facebook.com\/psoecaceres\" \/>\n<meta property=\"og:image\" content=\"https:\/\/www.psoecaceres.com\/es\/wp-content\/uploads\/2025\/10\/Logo-Psoe-Caceres-2025.png\" \/>\n\t<meta property=\"og:image:width\" content=\"300\" \/>\n\t<meta property=\"og:image:height\" content=\"147\" \/>\n\t<meta property=\"og:image:type\" content=\"image\/png\" \/>\n<meta name=\"twitter:card\" content=\"summary_large_image\" \/>\n<meta name=\"twitter:site\" content=\"@PSOEC\" \/>\n<meta name=\"twitter:label1\" content=\"Tiempo de lectura\" \/>\n\t<meta name=\"twitter:data1\" content=\"6 minutos\" \/>\n<script type=\"application\/ld+json\" class=\"yoast-schema-graph\">{\"@context\":\"https:\/\/schema.org\",\"@graph\":[{\"@type\":\"WebPage\",\"@id\":\"https:\/\/www.psoecaceres.com\/es\/politica-de-cookies\/\",\"url\":\"https:\/\/www.psoecaceres.com\/es\/politica-de-cookies\/\",\"name\":\"Pol\u00edtica de Cookies - PSOE provincia de C\u00e1ceres\",\"isPartOf\":{\"@id\":\"https:\/\/www.psoecaceres.com\/es\/#website\"},\"datePublished\":\"2014-05-05T19:47:07+00:00\",\"breadcrumb\":{\"@id\":\"https:\/\/www.psoecaceres.com\/es\/politica-de-cookies\/#breadcrumb\"},\"inLanguage\":\"es\",\"potentialAction\":[{\"@type\":\"ReadAction\",\"target\":[\"https:\/\/www.psoecaceres.com\/es\/politica-de-cookies\/\"]}]},{\"@type\":\"BreadcrumbList\",\"@id\":\"https:\/\/www.psoecaceres.com\/es\/politica-de-cookies\/#breadcrumb\",\"itemListElement\":[{\"@type\":\"ListItem\",\"position\":1,\"name\":\"Portada\",\"item\":\"https:\/\/www.psoecaceres.com\/es\/\"},{\"@type\":\"ListItem\",\"position\":2,\"name\":\"Pol\u00edtica de Cookies\"}]},{\"@type\":\"WebSite\",\"@id\":\"https:\/\/www.psoecaceres.com\/es\/#website\",\"url\":\"https:\/\/www.psoecaceres.com\/es\/\",\"name\":\"PSOE provincia de C\u00e1ceres\",\"description\":\"Pasi\u00f3n por Nuestros Pueblos\",\"publisher\":{\"@id\":\"https:\/\/www.psoecaceres.com\/es\/#organization\"},\"alternateName\":\"PSOE Caceres\",\"potentialAction\":[{\"@type\":\"SearchAction\",\"target\":{\"@type\":\"EntryPoint\",\"urlTemplate\":\"https:\/\/www.psoecaceres.com\/es\/?s={search_term_string}\"},\"query-input\":{\"@type\":\"PropertyValueSpecification\",\"valueRequired\":true,\"valueName\":\"search_term_string\"}}],\"inLanguage\":\"es\"},{\"@type\":\"Organization\",\"@id\":\"https:\/\/www.psoecaceres.com\/es\/#organization\",\"name\":\"Psoe C\u00e1ceres\",\"alternateName\":\"PSOE Caceres\",\"url\":\"https:\/\/www.psoecaceres.com\/es\/\",\"logo\":{\"@type\":\"ImageObject\",\"inLanguage\":\"es\",\"@id\":\"https:\/\/www.psoecaceres.com\/es\/#\/schema\/logo\/image\/\",\"url\":\"https:\/\/www.psoecaceres.com\/es\/wp-content\/uploads\/2020\/08\/logo-psoe-caceres-web-2020.png\",\"contentUrl\":\"https:\/\/www.psoecaceres.com\/es\/wp-content\/uploads\/2020\/08\/logo-psoe-caceres-web-2020.png\",\"width\":180,\"height\":105,\"caption\":\"Psoe C\u00e1ceres\"},\"image\":{\"@id\":\"https:\/\/www.psoecaceres.com\/es\/#\/schema\/logo\/image\/\"},\"sameAs\":[\"https:\/\/www.facebook.com\/psoecaceres\",\"https:\/\/x.com\/PSOEC\"]}]}<\/script>\n<!-- \/ Yoast SEO plugin. -->","yoast_head_json":{"title":"Pol\u00edtica de Cookies - PSOE provincia de C\u00e1ceres","robots":{"index":"index","follow":"follow","max-snippet":"max-snippet:-1","max-image-preview":"max-image-preview:large","max-video-preview":"max-video-preview:-1"},"canonical":"https:\/\/www.psoecaceres.com\/es\/politica-de-cookies\/","og_locale":"es_ES","og_type":"article","og_title":"Pol\u00edtica de Cookies - PSOE provincia de C\u00e1ceres","og_description":"Pol\u00edtica de cookies En la web de Elogia se utilizan cookies para facilitar la relaci\u00f3n de los visitantes con nuestro contenido, permitir elaborar estad\u00edsticas sobre las visitas que recibimos y mostrar contenido relacionado con las preferencias mediante el an\u00e1lisis de los h\u00e1bitos de navegaci\u00f3n. En cumplimiento de la Directiva 2009\/136\/CE, desarrollada en nuestro ordenamiento por [&hellip;]","og_url":"https:\/\/www.psoecaceres.com\/es\/politica-de-cookies\/","og_site_name":"PSOE provincia de C\u00e1ceres","article_publisher":"https:\/\/www.facebook.com\/psoecaceres","og_image":[{"width":300,"height":147,"url":"https:\/\/www.psoecaceres.com\/es\/wp-content\/uploads\/2025\/10\/Logo-Psoe-Caceres-2025.png","type":"image\/png"}],"twitter_card":"summary_large_image","twitter_site":"@PSOEC","twitter_misc":{"Tiempo de lectura":"6 minutos"},"schema":{"@context":"https:\/\/schema.org","@graph":[{"@type":"WebPage","@id":"https:\/\/www.psoecaceres.com\/es\/politica-de-cookies\/","url":"https:\/\/www.psoecaceres.com\/es\/politica-de-cookies\/","name":"Pol\u00edtica de Cookies - PSOE provincia de C\u00e1ceres","isPartOf":{"@id":"https:\/\/www.psoecaceres.com\/es\/#website"},"datePublished":"2014-05-05T19:47:07+00:00","breadcrumb":{"@id":"https:\/\/www.psoecaceres.com\/es\/politica-de-cookies\/#breadcrumb"},"inLanguage":"es","potentialAction":[{"@type":"ReadAction","target":["https:\/\/www.psoecaceres.com\/es\/politica-de-cookies\/"]}]},{"@type":"BreadcrumbList","@id":"https:\/\/www.psoecaceres.com\/es\/politica-de-cookies\/#breadcrumb","itemListElement":[{"@type":"ListItem","position":1,"name":"Portada","item":"https:\/\/www.psoecaceres.com\/es\/"},{"@type":"ListItem","position":2,"name":"Pol\u00edtica de Cookies"}]},{"@type":"WebSite","@id":"https:\/\/www.psoecaceres.com\/es\/#website","url":"https:\/\/www.psoecaceres.com\/es\/","name":"PSOE provincia de C\u00e1ceres","description":"Pasi\u00f3n por Nuestros Pueblos","publisher":{"@id":"https:\/\/www.psoecaceres.com\/es\/#organization"},"alternateName":"PSOE Caceres","potentialAction":[{"@type":"SearchAction","target":{"@type":"EntryPoint","urlTemplate":"https:\/\/www.psoecaceres.com\/es\/?s={search_term_string}"},"query-input":{"@type":"PropertyValueSpecification","valueRequired":true,"valueName":"search_term_string"}}],"inLanguage":"es"},{"@type":"Organization","@id":"https:\/\/www.psoecaceres.com\/es\/#organization","name":"Psoe C\u00e1ceres","alternateName":"PSOE Caceres","url":"https:\/\/www.psoecaceres.com\/es\/","logo":{"@type":"ImageObject","inLanguage":"es","@id":"https:\/\/www.psoecaceres.com\/es\/#\/schema\/logo\/image\/","url":"https:\/\/www.psoecaceres.com\/es\/wp-content\/uploads\/2020\/08\/logo-psoe-caceres-web-2020.png","contentUrl":"https:\/\/www.psoecaceres.com\/es\/wp-content\/uploads\/2020\/08\/logo-psoe-caceres-web-2020.png","width":180,"height":105,"caption":"Psoe C\u00e1ceres"},"image":{"@id":"https:\/\/www.psoecaceres.com\/es\/#\/schema\/logo\/image\/"},"sameAs":["https:\/\/www.facebook.com\/psoecaceres","https:\/\/x.com\/PSOEC"]}]}},"_links":{"self":[{"href":"https:\/\/www.psoecaceres.com\/es\/wp-json\/wp\/v2\/pages\/6941","targetHints":{"allow":["GET"]}}],"collection":[{"href":"https:\/\/www.psoecaceres.com\/es\/wp-json\/wp\/v2\/pages"}],"about":[{"href":"https:\/\/www.psoecaceres.com\/es\/wp-json\/wp\/v2\/types\/page"}],"author":[{"embeddable":true,"href":"https:\/\/www.psoecaceres.com\/es\/wp-json\/wp\/v2\/users\/6"}],"replies":[{"embeddable":true,"href":"https:\/\/www.psoecaceres.com\/es\/wp-json\/wp\/v2\/comments?post=6941"}],"version-history":[{"count":0,"href":"https:\/\/www.psoecaceres.com\/es\/wp-json\/wp\/v2\/pages\/6941\/revisions"}],"wp:attachment":[{"href":"https:\/\/www.psoecaceres.com\/es\/wp-json\/wp\/v2\/media?parent=6941"}],"curies":[{"name":"wp","href":"https:\/\/api.w.org\/{rel}","templated":true}]}}